{"id":336,"date":"2022-07-13T12:48:16","date_gmt":"2022-07-13T12:48:16","guid":{"rendered":"https:\/\/angelverein-krechting.de\/?page_id=336"},"modified":"2022-07-13T13:21:34","modified_gmt":"2022-07-13T13:21:34","slug":"gastkarten","status":"publish","type":"page","link":"https:\/\/angelverein-krechting.de\/?page_id=336","title":{"rendered":"Gastkarten"},"content":{"rendered":"\n<p>Die Bocholter Aa wird in einem Teilabschnitt vom Rheder Angel- und Naturschutzverein und unserem Verein gemeinsam verpachtet:<\/p>\n\n\n\n<figure class=\"wp-block-image size-large\"><img decoding=\"async\" loading=\"lazy\" width=\"1024\" height=\"531\" src=\"https:\/\/angelverein-krechting.de\/wp-content\/uploads\/2022\/07\/image-1024x531.png\" alt=\"\" class=\"wp-image-340\" srcset=\"https:\/\/angelverein-krechting.de\/wp-content\/uploads\/2022\/07\/image-1024x531.png 1024w, https:\/\/angelverein-krechting.de\/wp-content\/uploads\/2022\/07\/image-300x155.png 300w, https:\/\/angelverein-krechting.de\/wp-content\/uploads\/2022\/07\/image-768x398.png 768w, https:\/\/angelverein-krechting.de\/wp-content\/uploads\/2022\/07\/image.png 1258w\" sizes=\"(max-width: 767px) 89vw, (max-width: 1000px) 54vw, (max-width: 1071px) 543px, 580px\" \/><\/figure>\n\n\n\n<p>Angelkarten f\u00fcr diesen Bereich sind zum einen \u00fcber das Rheder B\u00fcrgerb\u00fcro erh\u00e4ltlich:<\/p>\n\n\n\n<p>B\u00fcrgerb\u00fcro der Stadt Rhede<br>Rathausplatz 9<br>46414 Rhede<\/p>\n\n\n\n<p><strong>Kontaktdaten:<\/strong><a href=\"https:\/\/www.rhede.de\/buergerservice\/dienstleistungen\/fischereischein-900000053-0.html?myMedium=1&amp;auswahl=0\">https:\/\/www.rhede.de\/buergerservice\/dienstleistungen\/fischereischein-900000053-0.html?myMedium=1&amp;auswahl=0<\/a><\/p>\n\n\n\n<p><\/p>\n\n\n\n<p>Damit der Angeltag auch spontan begonnen werden kann ist es nun auch m\u00f6glich unsere Angelkarten \u00fcber Hejfish zu erhalten. Hejfish bietet die M\u00f6glichkeit online Gastkarten von verschiedensten Gew\u00e4ssern jederzeit  erwerben zu k\u00f6nnen. \u00dcber den unten aufgef\u00fchrten Link gelangt ihr zu unserem Gew\u00e4sser. Jetzt nur noch registrieren und schon geht&#8217;s ab an die Aa!<\/p>\n\n\n\n<figure class=\"wp-block-image size-large is-resized\"><img decoding=\"async\" loading=\"lazy\" src=\"https:\/\/angelverein-krechting.de\/wp-content\/uploads\/2022\/07\/01_hejfish_kauficon_online_20.png\" alt=\"\" class=\"wp-image-341\" width=\"358\" height=\"269\" srcset=\"https:\/\/angelverein-krechting.de\/wp-content\/uploads\/2022\/07\/01_hejfish_kauficon_online_20.png 358w, https:\/\/angelverein-krechting.de\/wp-content\/uploads\/2022\/07\/01_hejfish_kauficon_online_20-300x225.png 300w\" sizes=\"(max-width: 358px) 100vw, 358px\" \/><figcaption><strong>\u00dcber folgenden Link gelangt ihr zu Hejfish:<\/strong><a rel=\"noreferrer noopener\" href=\"https:\/\/deref-web.de\/mail\/client\/PrieGATKPe8\/dereferrer\/?redirectUrl=https%3A%2F%2Fwww.hejfish.com%2Fd%2F14927\" target=\"_blank\"> <\/a><a rel=\"noreferrer noopener\" href=\"https:\/\/deref-web.de\/mail\/client\/PrieGATKPe8\/dereferrer\/?redirectUrl=https%3A%2F%2Fwww.hejfish.com%2Fd%2F14927\" target=\"_blank\">https:\/\/www.hejfish.com\/d\/14927<\/a><\/figcaption><\/figure>\n\n\n\n<p><\/p>\n","protected":false},"excerpt":{"rendered":"<p>Die Bocholter Aa wird in einem Teilabschnitt vom Rheder Angel- und Naturschutzverein und unserem Verein gemeinsam verpachtet: Angelkarten f\u00fcr diesen Bereich sind zum einen \u00fcber das Rheder B\u00fcrgerb\u00fcro erh\u00e4ltlich: B\u00fcrgerb\u00fcro &hellip; <\/p>\n<p class=\"link-more\"><a href=\"https:\/\/angelverein-krechting.de\/?page_id=336\" class=\"more-link\"><span class=\"screen-reader-text\">\u201eGastkarten\u201c <\/span>weiterlesen<\/a><\/p>\n","protected":false},"author":1,"featured_media":0,"parent":0,"menu_order":0,"comment_status":"closed","ping_status":"closed","template":"","meta":{"_EventAllDay":false,"_EventTimezone":"","_EventStartDate":"","_EventEndDate":"","_EventStartDateUTC":"","_EventEndDateUTC":"","_EventShowMap":false,"_EventShowMapLink":false,"_EventURL":"","_EventCost":"","_EventCostDescription":"","_EventCurrencySymbol":"","_EventCurrencyCode":"","_EventCurrencyPosition":"","_EventDateTimeSeparator":"","_EventTimeRangeSeparator":"","_EventOrganizerID":[],"_EventVenueID":[],"_OrganizerEmail":"","_OrganizerPhone":"","_OrganizerWebsite":"","_VenueAddress":"","_VenueCity":"","_VenueCountry":"","_VenueProvince":"","_VenueState":"","_VenueZip":"","_VenuePhone":"","_VenueURL":"","_VenueStateProvince":"","_VenueLat":"","_VenueLng":"","_VenueShowMap":false,"_VenueShowMapLink":false},"_links":{"self":[{"href":"https:\/\/angelverein-krechting.de\/index.php?rest_route=\/wp\/v2\/pages\/336"}],"collection":[{"href":"https:\/\/angelverein-krechting.de\/index.php?rest_route=\/wp\/v2\/pages"}],"about":[{"href":"https:\/\/angelverein-krechting.de\/index.php?rest_route=\/wp\/v2\/types\/page"}],"author":[{"embeddable":true,"href":"https:\/\/angelverein-krechting.de\/index.php?rest_route=\/wp\/v2\/users\/1"}],"replies":[{"embeddable":true,"href":"https:\/\/angelverein-krechting.de\/index.php?rest_route=%2Fwp%2Fv2%2Fcomments&post=336"}],"version-history":[{"count":3,"href":"https:\/\/angelverein-krechting.de\/index.php?rest_route=\/wp\/v2\/pages\/336\/revisions"}],"predecessor-version":[{"id":344,"href":"https:\/\/angelverein-krechting.de\/index.php?rest_route=\/wp\/v2\/pages\/336\/revisions\/344"}],"wp:attachment":[{"href":"https:\/\/angelverein-krechting.de\/index.php?rest_route=%2Fwp%2Fv2%2Fmedia&parent=336"}],"curies":[{"name":"wp","href":"https:\/\/api.w.org\/{rel}","templated":true}]}}