{"id":3,"date":"2021-03-18T11:06:47","date_gmt":"2021-03-18T11:06:47","guid":{"rendered":"https:\/\/angelverein-krechting.de\/?page_id=3"},"modified":"2021-03-25T19:30:05","modified_gmt":"2021-03-25T19:30:05","slug":"privacy-policy","status":"publish","type":"page","link":"https:\/\/angelverein-krechting.de\/?page_id=3","title":{"rendered":"Impressum + Datenschutzerkl\u00e4rung"},"content":{"rendered":"\n<h2><u><strong>Impressum<\/strong><\/u><\/h2>\n\n\n\n<p><strong>Angel- und Gew\u00e4sserschutzverein Krechting 1983 e. V.<\/strong><\/p>\n\n\n\n<p><strong>Vereinsgew\u00e4sser Rhede-Krommert, Steenofenkamp<\/strong><\/p>\n\n\n\n<p>Eingetragen beim Amtsgericht Coesfeld im Vereinsregister 2476.<\/p>\n\n\n\n<p><\/p>\n\n\n\n<h3><strong>Verantwortlicher im Sinne des \u00a7 5 TMG:<\/strong><\/h3>\n\n\n\n<h3><strong>1. Vorsitzender:<\/strong><\/h3>\n\n\n\n<p>Thomas Heynk<\/p>\n\n\n\n<p>Drosselstra\u00dfe 2<\/p>\n\n\n\n<p>46414 Rhede-Krechting<\/p>\n\n\n\n<p>Mobil: 0162 2461101<\/p>\n\n\n\n<p>E-Mail: info(at)angelverein-krechting.de<\/p>\n\n\n\n<p><\/p>\n\n\n\n<h3><strong>Inhalte:<\/strong><br>Die Informationen auf dieser Website werden vom Angel &#8211; und Gew\u00e4sserschutzverein Krechting 1983 e.V. st\u00e4ndig gepr\u00fcft und aktualisiert.<\/h3>\n\n\n\n<p>Da Eingabe- und \u00dcbertragungsfehler jedoch nicht v\u00f6llig ausgeschlossen werden k\u00f6nnen, kann die Richtigkeit der&nbsp; Inhalte nicht garantiert werden. Eine Haftung oder Garantie f\u00fcr Aktualit\u00e4t, Richtigkeit und Vollst\u00e4ndigkeit der zur Verf\u00fcgung gestellten Informationen kann daher nicht \u00fcbernommen werden. Des Weiteren beh\u00e4lt sich der Angel &#8211; und Gew\u00e4sserschutzverein Krechting 1983 e.V. das Recht vor, an den bereitgestellten Informationen \u00c4nderungen oder Erg\u00e4nzungen vorzunehmen.<\/p>\n\n\n\n<p>Inhalt, Design und Struktur dieser Website sind urheberrechtlich gesch\u00fctzt.<\/p>\n\n\n\n<h3><strong>Links:<\/strong><br>Der Angel &#8211; und Gew\u00e4sserschutzverein Krechting 1983 e.V. \u00fcbernimmt keine Haftung f\u00fcr Websites, auf die mittels Hyperlink verwiesen wird. Die Verantwortung f\u00fcr die Inhalte dieser Websites liegt ausschlie\u00dflich bei den jeweiligen Betreibern.<\/h3>\n\n\n\n<h3><strong>Bilder- und Mediennachweis:<\/strong><br>\u00a9 f\u00fcr das Startseitenbild: Autor: hpgruesen, gefunden unter <a href=\"https:\/\/pixnio.com\/de\/tiere\/fische\/fische-unterwasser-fluss-tier-wasser-fauna\" target=\"_blank\" rel=\"noreferrer noopener\">https:\/\/pixnio.com\/de\/tiere\/fische\/fische-unterwasser-fluss-tier-wasser-fauna<\/a> (CCO, Creative Commons Lizenz). <\/h3>\n\n\n\n<h3>Platzhaltergrafik &#8222;Under construction&#8220; gefunden unter <a href=\"https:\/\/openclipart.org\/detail\/293070\/work-in-progress\" target=\"_blank\" rel=\"noreferrer noopener\">https:\/\/openclipart.org\/detail\/293070\/work-in-progress<\/a>, erstellt von Dominique Chappard \u00a9. <\/h3>\n\n\n\n<h3>Andere Bilder: \u00a9 Angel- und Gew\u00e4sserschutzverein Krechting 1983 e.V. und seine Mitglieder. <\/h3>\n\n\n\n<h3>Zeitungs- und Medienbeitr\u00e4ge sind direkt unterhalb des zitierten Artikels\/Bildes per Quellenangabe kenntlich gemacht.<\/h3>\n\n\n\n<p><\/p>\n\n\n\n<h2><strong><u>Algemeine Hinweise und Pflichtinformationen<\/u><\/strong><\/h2>\n\n\n\n<h3><strong>Datenschutz<\/strong><\/h3>\n\n\n\n<p>Die Betreiber dieser Seiten nehmen den Schutz Ihrer pers\u00f6nlichen Daten sehr ernst. Wir behandeln Ihre personenbezogenen Daten vertraulich und entsprechend der gesetzlichen Datenschutzvorschriften sowie dieser Datenschutzerkl\u00e4rung.<\/p>\n\n\n\n<p>Die Nutzung unserer Webseite ist in der Regel ohne Angabe personenbezogener Daten m\u00f6glich. Soweit auf unseren Seiten personenbezogene Daten (beispielsweise Name, Anschrift oder E-Mail-Adressen) erhoben werden, erfolgt dies, soweit m\u00f6glich, stets auf freiwilliger Basis. Diese Daten werden ohne Ihre ausdr\u00fcckliche Zustimmung nicht an Dritte weitergegeben.<\/p>\n\n\n\n<p>Wir weisen darauf hin, dass die Daten\u00fcbertragung im Internet (z.B. bei der Kommunikation per E-Mail) Sicherheitsl\u00fccken aufweisen kann. Ein l\u00fcckenloser Schutz der Daten vor dem Zugriff durch Dritte ist nicht m\u00f6glich.<\/p>\n\n\n\n<h3><strong>Hinweis zur verantwortlichen Stelle<\/strong><\/h3>\n\n\n\n<p>Die verantwortliche Stelle f\u00fcr die Datenverarbeitung auf dieser Website ist:<\/p>\n\n\n\n<p>Angel- und Gew\u00e4sserschutzverein Krechting 1983 e,V.<\/p>\n\n\n\n<p>Vereinsgew\u00e4sser Rhede-Krommert, Steenofenkamp<\/p>\n\n\n\n<p>vertreten durch<\/p>\n\n\n\n<p>Thomas Heynk<br>Drosselstra\u00dfe 2<br>46414 Rhede-Krechting<br><br>E-Mail: info@angelverein-krechting.de<br>Telefon: 0162 2461101<\/p>\n\n\n\n<p>Eingetragen beim Amtsgericht Coesfeld im Vereinsregister 2476<\/p>\n\n\n\n<p><br>Verantwortliche Stelle ist die nat\u00fcrliche oder juristische Person, die allein oder gemeinsam mit anderen \u00fcber die Zwecke und Mittel der Verarbeitung von personenbezogenen Daten (z.B. Namen, E-Mail-Adressen o. \u00c4.) entscheidet.<\/p>\n\n\n\n<p><strong>Widerruf Ihrer Einwilligung zur Datenverarbeitung<\/strong><\/p>\n\n\n\n<p>Viele Datenverarbeitungsvorg\u00e4nge sind nur mit Ihrer ausdr\u00fccklichen Einwilligung m\u00f6glich. Sie k\u00f6nnen eine bereits erteilte Einwilligung jederzeit widerrufen. Dazu reicht eine formlose Mitteilung per E-Mail an uns. Die Rechtm\u00e4\u00dfigkeit der bis zum Widerruf erfolgten Datenverarbeitung bleibt vom Widerruf unber\u00fchrt.<\/p>\n\n\n\n<p><strong>Auskunft, L\u00f6schung, Sperrung<\/strong><\/p>\n\n\n\n<p>Sie haben jederzeit das Recht auf unentgeltliche Auskunft \u00fcber Ihre gespeicherten personenbezogenen Daten, deren Herkunft und Empf\u00e4nger und den Zweck der Datenverarbeitung sowie ein Recht auf Berichtigung, Sperrung oder L\u00f6schung dieser Daten.<\/p>\n\n\n\n<p>Hierzu sowie zu weiteren Fragen zum Thema personenbezogene Daten k\u00f6nnen Sie sich jederzeit unter der im Impressum angegebenen Adresse an uns wenden.<\/p>\n\n\n\n<p><\/p>\n\n\n\n<p><strong>Beschwerderecht bei der zust\u00e4ndigen Aufsichtsbeh\u00f6rde<\/strong><\/p>\n\n\n\n<p>Im Falle datenschutzrechtlicher Verst\u00f6\u00dfe steht dem Betroffenen ein Beschwerderecht bei der<br>zust\u00e4ndigen Aufsichtsbeh\u00f6rde zu. Zust\u00e4ndige Aufsichtsbeh\u00f6rde in datenschutzrechtlichen<br>Fragen ist der Landesdatenschutzbeauftragte des Bundeslandes, in dem unser Unternehmen<br>seinen Sitz hat. Eine Liste der Datenschutzbeauftragten sowie deren Kontaktdaten k\u00f6nnen<br>folgendem Link entnommen werden:<br><a rel=\"noreferrer noopener\" href=\"https:\/\/www.bfdi.bund.de\/DE\/Infothek\/Anschriften_Links\/anschriften_links-node.html.\" target=\"_blank\">https:\/\/www.bfdi.bund.de\/DE\/Infothek\/Anschriften_Links\/anschriften_links-node.html.<\/a><\/p>\n\n\n\n<p><\/p>\n\n\n\n<p><strong><u>Datenerfassung auf unserer Webseite<\/u><\/strong><\/p>\n\n\n\n<p><strong>SSL- bzw. TLS-Verschl\u00fcsselung<\/strong><\/p>\n\n\n\n<p>Diese Seite nutzt aus Sicherheitsgr\u00fcnden und zum Schutz der \u00dcbertragung vertraulicher Inhalte, wie zum Beispiel Bestellungen oder Anfragen, die Sie an uns als Seitenbetreiber senden, eine SSL-bzw. TLSVerschl&amp; uuml;sselung. Eine verschl\u00fcsselte Verbindung erkennen Sie daran, dass die Adresszeile des Browsers von \u201chttp:\/\/\u201d auf \u201chttps:\/\/\u201d wechselt und an dem Schloss-Symbol in Ihrer Browserzeile.<\/p>\n\n\n\n<p>Wenn die SSL- bzw. TLS-Verschl\u00fcsselung aktiviert ist, k\u00f6nnen die Daten, die Sie an uns \u00fcbermitteln, nicht von Dritten mitgelesen werden.<\/p>\n\n\n\n<p><strong>Datenschutzerkl\u00e4rung f\u00fcr die Nutzung von Facebook-Plugins (Like-Button)<\/strong><\/p>\n\n\n\n<p>Auf unseren Seiten sind Plugins des sozialen Netzwerks Facebook, Anbieter Facebook Inc., 1 Hacker Way, Menlo Park, California 94025, USA, integriert. Die Facebook-Plugins erkennen Sie an dem Facebook-Logo oder dem &#8222;Like-Button&#8220; (&#8222;Gef\u00e4llt mir&#8220;) auf unserer Seite. Eine \u00dcbersicht \u00fcber die Facebook-Plugins finden Sie hier: <a href=\"http:\/\/developers.facebook.com\/docs\/plugins\/.\" target=\"_blank\" rel=\"noreferrer noopener\">http:\/\/developers.facebook.com\/docs\/plugins<\/a><a href=\"http:\/\/developers.facebook.com\/docs\/plugins\/\">\/<\/a>.<\/p>\n\n\n\n<p>Wenn Sie unsere Seiten besuchen, wird \u00fcber das Plugin eine direkte Verbindung zwischen Ihrem Browser und dem Facebook-Server hergestellt. Facebook erh\u00e4lt dadurch die Information, dass Sie mit Ihrer IP-Adresse unsere Seite besucht haben. Wenn Sie den Facebook &#8222;Like-Button&#8220; anklicken w\u00e4hrend Sie in Ihrem Facebook-Account eingeloggt sind, k\u00f6nnen Sie die Inhalte unserer Seiten auf Ihrem Facebook-Profil verlinken. Dadurch kann Facebook den Besuch unserer Seiten Ihrem Benutzerkonto zuordnen. Wir weisen darauf hin, dass wir als Anbieter der Seiten keine Kenntnis vom Inhalt der \u00fcbermittelten Daten sowie deren Nutzung durch Facebook erhalten. Weitere Informationen hierzu finden Sie in der Datenschutzerkl\u00e4rung von Facebook unter<a href=\"http:\/\/de-de.facebook.com\/policy.php\" target=\"_blank\" rel=\"noreferrer noopener\"> http:\/\/de-de.facebook.com\/policy.php<\/a><\/p>\n\n\n\n<p>.<\/p>\n\n\n\n<p>Wenn Sie nicht w\u00fcnschen, dass Facebook den Besuch unserer Seiten Ihrem Facebook- Nutzerkonto zuordnen kann, loggen Sie sich bitte aus Ihrem Facebook-Benutzerkonto aus.<\/p>\n\n\n\n<p><\/p>\n\n\n\n<p><strong>Datenschutzerkl\u00e4rung f\u00fcr die Nutzung von<\/strong>&nbsp;<strong>Google Maps<\/strong><\/p>\n\n\n\n<p>Diese Seite nutzt \u00fcber eine API den Kartendienst Google Maps. Anbieter ist die Google Inc., 1600 Amphitheatre Parkway, Mountain View, CA 94043, USA.<\/p>\n\n\n\n<p>Zur Nutzung der Funktionen von Google Maps ist es notwendig, Ihre IP Adresse zu speichern. Diese Informationen werden in der Regel an einen Server von Google in den USA \u00fcbertragen und dort gespeichert. Der Anbieter dieser Seite hat keinen Einfluss auf diese Daten\u00fcbertragung.<\/p>\n\n\n\n<p>Die Nutzung von Google Maps erfolgt im Interesse einer ansprechenden Darstellung unserer Online-Angebote und an einer leichten Auffindbarkeit der von uns auf der Website angegebenen Orte. Dies stellt ein berechtigtes Interesse im Sinne von Art. 6 Abs. 1 lit. f DSGVO dar.<\/p>\n\n\n\n<p>Mehr Informationen zum Umgang mit Nutzerdaten finden Sie in der Datenschutzerkl\u00e4rung von Google: <a rel=\"noreferrer noopener\" href=\"https:\/\/policies.google.com\/privacy?hl=de\" target=\"_blank\">https:\/\/policies.google.com\/privacy?hl=de<\/a><\/p>\n\n\n\n<p><\/p>\n\n\n\n<p><strong>Cookies<\/strong><\/p>\n\n\n\n<p>Die Internetseiten verwenden teilweise so genannte Cookies. Cookies richten auf Ihrem Rechner keinen Schaden an und enthalten keine Viren. Cookies dienen dazu, unser Angebot nutzerfreundlicher, effektiver und sicherer zu machen. Cookies sind kleine Textdateien, die auf Ihrem Rechner abgelegt werden und die Ihr Browser speichert.<\/p>\n\n\n\n<p>Die meisten der von uns verwendeten Cookies sind so genannte \u201eSession-Cookies\u201c. Sie werden nach Ende Ihres Besuchs automatisch gel\u00f6scht. Andere Cookies bleiben auf Ihrem Endger\u00e4t gespeichert, bis Sie diese l\u00f6schen. Diese Cookies erm\u00f6glichen es uns, Ihren Browser beim n\u00e4chsten Besuch wiederzuerkennen.<\/p>\n\n\n\n<p>Sie k\u00f6nnen Ihren Browser so einstellen, dass Sie \u00fcber das Setzen von Cookies informiert werden und Cookies nur im Einzelfall erlauben, die Annahme von Cookies f\u00fcr bestimmte F\u00e4lle oder generell ausschlie\u00dfen sowie das automatische L\u00f6schen der Cookies beim Schlie\u00dfen des Browser aktivieren. Bei der Deaktivierung von Cookies kann die Funktionalit\u00e4t dieser Website eingeschr\u00e4nkt sein.<\/p>\n\n\n\n<p><\/p>\n\n\n\n<p><strong>Server-Log-Files<\/strong><\/p>\n\n\n\n<p>Der Provider der Seiten erhebt und speichert automatisch Informationen in so genannten Server-Log Files, die Ihr Browser automatisch an uns \u00fcbermittelt. Dies sind:<\/p>\n\n\n\n<ul><li>Browsertyp\/ Browserversion<\/li><li>verwendetes Betriebssystem<\/li><li>Referrer URL<\/li><li>Hostname des zugreifenden Rechners<\/li><li>Uhrzeit der Serveranfrage<\/li><\/ul>\n\n\n\n<p><br>Diese Daten sind nicht bestimmten Personen zuordenbar. Eine Zusammenf\u00fchrung dieser Daten mit anderen Datenquellen wird nicht vorgenommen. Wir behalten uns vor, diese Daten nachtr\u00e4glich zu pr\u00fcfen, wenn uns konkrete Anhaltspunkte f\u00fcr eine rechtswidrige Nutzung bekannt werden.<\/p>\n\n\n\n<p><\/p>\n\n\n\n<p><strong>Kontakt<\/strong><\/p>\n\n\n\n<p>Wenn Sie uns&nbsp;per E-Mail Anfragen zukommen lassen, werden Ihre Angaben aus dem Anfrageformular inklusive der von Ihnen dort angegebenen Kontaktdaten zwecks Bearbeitung der Anfrage und f\u00fcr den Fall von Anschlussfragen bei uns gespeichert.<\/p>\n\n\n\n<p>Diese Daten geben wir nicht ohne Ihre Einwilligung weiter.<\/p>\n","protected":false},"excerpt":{"rendered":"<p>Impressum Angel- und Gew\u00e4sserschutzverein Krechting 1983 e. V. Vereinsgew\u00e4sser Rhede-Krommert, Steenofenkamp Eingetragen beim Amtsgericht Coesfeld im Vereinsregister 2476. Verantwortlicher im Sinne des \u00a7 5 TMG: 1. Vorsitzender: Thomas Heynk Drosselstra\u00dfe &hellip; <\/p>\n<p class=\"link-more\"><a href=\"https:\/\/angelverein-krechting.de\/?page_id=3\" class=\"more-link\"><span class=\"screen-reader-text\">\u201eImpressum + Datenschutzerkl\u00e4rung\u201c <\/span>weiterlesen<\/a><\/p>\n","protected":false},"author":1,"featured_media":0,"parent":0,"menu_order":0,"comment_status":"closed","ping_status":"open","template":"","meta":{"_EventAllDay":false,"_EventTimezone":"","_EventStartDate":"","_EventEndDate":"","_EventStartDateUTC":"","_EventEndDateUTC":"","_EventShowMap":false,"_EventShowMapLink":false,"_EventURL":"","_EventCost":"","_EventCostDescription":"","_EventCurrencySymbol":"","_EventCurrencyCode":"","_EventCurrencyPosition":"","_EventDateTimeSeparator":"","_EventTimeRangeSeparator":"","_EventOrganizerID":[],"_EventVenueID":[],"_OrganizerEmail":"","_OrganizerPhone":"","_OrganizerWebsite":"","_VenueAddress":"","_VenueCity":"","_VenueCountry":"","_VenueProvince":"","_VenueState":"","_VenueZip":"","_VenuePhone":"","_VenueURL":"","_VenueStateProvince":"","_VenueLat":"","_VenueLng":"","_VenueShowMap":false,"_VenueShowMapLink":false},"_links":{"self":[{"href":"https:\/\/angelverein-krechting.de\/index.php?rest_route=\/wp\/v2\/pages\/3"}],"collection":[{"href":"https:\/\/angelverein-krechting.de\/index.php?rest_route=\/wp\/v2\/pages"}],"about":[{"href":"https:\/\/angelverein-krechting.de\/index.php?rest_route=\/wp\/v2\/types\/page"}],"author":[{"embeddable":true,"href":"https:\/\/angelverein-krechting.de\/index.php?rest_route=\/wp\/v2\/users\/1"}],"replies":[{"embeddable":true,"href":"https:\/\/angelverein-krechting.de\/index.php?rest_route=%2Fwp%2Fv2%2Fcomments&post=3"}],"version-history":[{"count":6,"href":"https:\/\/angelverein-krechting.de\/index.php?rest_route=\/wp\/v2\/pages\/3\/revisions"}],"predecessor-version":[{"id":240,"href":"https:\/\/angelverein-krechting.de\/index.php?rest_route=\/wp\/v2\/pages\/3\/revisions\/240"}],"wp:attachment":[{"href":"https:\/\/angelverein-krechting.de\/index.php?rest_route=%2Fwp%2Fv2%2Fmedia&parent=3"}],"curies":[{"name":"wp","href":"https:\/\/api.w.org\/{rel}","templated":true}]}}