{"id":27,"date":"2021-03-18T10:30:05","date_gmt":"2021-03-18T10:30:05","guid":{"rendered":"https:\/\/angelverein-krechting.de\/?page_id=27"},"modified":"2021-03-18T14:10:04","modified_gmt":"2021-03-18T14:10:04","slug":"ein-homepage-abschnitt","status":"publish","type":"page","link":"https:\/\/angelverein-krechting.de\/?page_id=27","title":{"rendered":"Mitglied werden"},"content":{"rendered":"\n<h2><strong>Vereinseintritt:<\/strong><\/h2>\n\n\n\n<ul><li>Die Aufnahme in den Verein ist ab dem 10. Lebensjahr m\u00f6glich.<\/li><\/ul>\n\n\n\n<ul><li>Bis zum 16. Lebensjahr kann mit dem Jugendfischereischein geangelt werden.<\/li><li>Ab dem 14. Lebensjahr kann, und ab dem 16. Lebensjahr muss die Fischerpr\u00fcfung abgelegt werden.<\/li><li>Ohne g\u00fcltigen Fischereischein und Fischereierlaubnisschein darf nicht geangelt werden.<\/li><li>Grunds\u00e4tzlich regeln die Satzung und die Gesch\u00e4ftsordnung das Vereinsleben und sind f\u00fcr alle Mitglieder bindend.<\/li><li>F\u00fcr Mitgliedschaftsanw\u00e4rter, die nicht aus dem PLZ-Gebiet 46414 Rhede kommen, gilt folgende Regelung:<\/li><\/ul>\n\n\n\n<p class=\"has-normal-font-size\"><strong>Die Aufnahmeantr\u00e4ge sind der Vorstandsversammlung vorzulegen und abstimmen zu lassen!<\/strong><\/p>\n\n\n\n<h2><strong>Vereinsbeitrag<\/strong><\/h2>\n\n\n\n<p>Der monatliche Mitgliedsbeitrag betr\u00e4gt (Stand 2013) f\u00fcr:<\/p>\n\n\n\n<ul><li>Kinder und Jugendliche von 10 bis 14 Jahren = 2,10 \u20ac (25,20 \u20ac \/ Jahr)<\/li><li>Jugendliche von 15 bis 17 Jahren                          = 3,10 \u20ac (37,20 \u20ac \/ Jahr)<\/li><li>Erwachsene ab dem 18. Lebensjahr                   = 5,70 \u20ac (68,40 \u20ac \/ Jahr)<\/li><li>Passive Mitglieder                                                        = 3,10 \u20ac (37,20 \u20ac \/ Jahr)<\/li><li>Familienangeh\u00f6rige                                                      = 1,50 \u20ac (18,00 \u20ac \/ Jahr)<\/li><li>Die einmalige Aufnahmegeb\u00fchr f\u00fcr aktive Mitglieder ab 18 Jahren betr\u00e4gt 130,00 \u20ac.<\/li><\/ul>\n\n\n\n<p>Bei weiteren Fragen wenden Sie \/ Du sich bitte an uns:<\/p>\n\n\n\n<p>info(at)angelverein-krechting.de<\/p>\n\n\n\n<p>Wir helfen gerne weiter und freuen uns \u00fcber ernstgemeintes Interesse!<\/p>\n","protected":false},"excerpt":{"rendered":"<p>Vereinseintritt: Die Aufnahme in den Verein ist ab dem 10. Lebensjahr m\u00f6glich. Bis zum 16. Lebensjahr kann mit dem Jugendfischereischein geangelt werden. Ab dem 14. Lebensjahr kann, und ab dem &hellip; <\/p>\n<p class=\"link-more\"><a href=\"https:\/\/angelverein-krechting.de\/?page_id=27\" class=\"more-link\"><span class=\"screen-reader-text\">\u201eMitglied werden\u201c <\/span>weiterlesen<\/a><\/p>\n","protected":false},"author":1,"featured_media":59,"parent":0,"menu_order":0,"comment_status":"closed","ping_status":"closed","template":"","meta":{"_EventAllDay":false,"_EventTimezone":"","_EventStartDate":"","_EventEndDate":"","_EventStartDateUTC":"","_EventEndDateUTC":"","_EventShowMap":false,"_EventShowMapLink":false,"_EventURL":"","_EventCost":"","_EventCostDescription":"","_EventCurrencySymbol":"","_EventCurrencyCode":"","_EventCurrencyPosition":"","_EventDateTimeSeparator":"","_EventTimeRangeSeparator":"","_EventOrganizerID":[],"_EventVenueID":[],"_OrganizerEmail":"","_OrganizerPhone":"","_OrganizerWebsite":"","_VenueAddress":"","_VenueCity":"","_VenueCountry":"","_VenueProvince":"","_VenueState":"","_VenueZip":"","_VenuePhone":"","_VenueURL":"","_VenueStateProvince":"","_VenueLat":"","_VenueLng":"","_VenueShowMap":false,"_VenueShowMapLink":false},"_links":{"self":[{"href":"https:\/\/angelverein-krechting.de\/index.php?rest_route=\/wp\/v2\/pages\/27"}],"collection":[{"href":"https:\/\/angelverein-krechting.de\/index.php?rest_route=\/wp\/v2\/pages"}],"about":[{"href":"https:\/\/angelverein-krechting.de\/index.php?rest_route=\/wp\/v2\/types\/page"}],"author":[{"embeddable":true,"href":"https:\/\/angelverein-krechting.de\/index.php?rest_route=\/wp\/v2\/users\/1"}],"replies":[{"embeddable":true,"href":"https:\/\/angelverein-krechting.de\/index.php?rest_route=%2Fwp%2Fv2%2Fcomments&post=27"}],"version-history":[{"count":5,"href":"https:\/\/angelverein-krechting.de\/index.php?rest_route=\/wp\/v2\/pages\/27\/revisions"}],"predecessor-version":[{"id":64,"href":"https:\/\/angelverein-krechting.de\/index.php?rest_route=\/wp\/v2\/pages\/27\/revisions\/64"}],"wp:featuredmedia":[{"embeddable":true,"href":"https:\/\/angelverein-krechting.de\/index.php?rest_route=\/wp\/v2\/media\/59"}],"wp:attachment":[{"href":"https:\/\/angelverein-krechting.de\/index.php?rest_route=%2Fwp%2Fv2%2Fmedia&parent=27"}],"curies":[{"name":"wp","href":"https:\/\/api.w.org\/{rel}","templated":true}]}}